{"id":11,"date":"2021-11-21T15:12:46","date_gmt":"2021-11-21T15:12:46","guid":{"rendered":"https:\/\/markus-shiatsu.at\/?page_id=11"},"modified":"2026-02-14T16:45:04","modified_gmt":"2026-02-14T16:45:04","slug":"markus-shiatsu-2-2","status":"publish","type":"page","link":"https:\/\/www.markus-shiatsu.at\/en\/","title":{"rendered":"Homepage"},"content":{"rendered":"<div data-elementor-type=\"wp-page\" data-elementor-id=\"11\" class=\"elementor elementor-11\">\n\t\t\t\t\t\t<section class=\"elementor-section elementor-top-section elementor-element elementor-element-bb4aa93 elementor-section-boxed elementor-section-height-default elementor-section-height-default\" data-id=\"bb4aa93\" data-element_type=\"section\">\n\t\t\t\t\t\t<div class=\"elementor-container elementor-column-gap-default\">\n\t\t\t\t\t<div class=\"elementor-column elementor-col-100 elementor-top-column elementor-element elementor-element-606f39a\" data-id=\"606f39a\" data-element_type=\"column\">\n\t\t\t<div class=\"elementor-widget-wrap\">\n\t\t\t\t\t\t\t<\/div>\n\t\t<\/div>\n\t\t\t\t\t<\/div>\n\t\t<\/section>\n\t\t\t\t<section class=\"elementor-section elementor-top-section elementor-element elementor-element-ed181bf elementor-section-boxed elementor-section-height-default elementor-section-height-default\" data-id=\"ed181bf\" data-element_type=\"section\">\n\t\t\t\t\t\t<div class=\"elementor-container elementor-column-gap-default\">\n\t\t\t\t\t<div class=\"elementor-column elementor-col-100 elementor-top-column elementor-element elementor-element-129ecd4\" data-id=\"129ecd4\" data-element_type=\"column\">\n\t\t\t<div class=\"elementor-widget-wrap elementor-element-populated\">\n\t\t\t\t\t\t<div class=\"elementor-element elementor-element-6103fdb elementor-hidden-mobile elementor-arrows-position-inside elementor-pagination-position-outside elementor-widget elementor-widget-image-carousel\" data-id=\"6103fdb\" data-element_type=\"widget\" data-settings=\"{&quot;slides_to_show&quot;:&quot;1&quot;,&quot;autoplay_speed&quot;:4000,&quot;navigation&quot;:&quot;both&quot;,&quot;autoplay&quot;:&quot;yes&quot;,&quot;infinite&quot;:&quot;yes&quot;,&quot;effect&quot;:&quot;slide&quot;,&quot;speed&quot;:500}\" data-widget_type=\"image-carousel.default\">\n\t\t\t\t<div class=\"elementor-widget-container\">\n\t\t\t\t\t\t\t<div class=\"elementor-image-carousel-wrapper swiper\" role=\"region\" aria-roledescription=\"carousel\" aria-label=\"Picture carousel\" dir=\"ltr\">\n\t\t\t<div class=\"elementor-image-carousel swiper-wrapper\" aria-live=\"off\">\n\t\t\t\t\t\t\t\t<div class=\"swiper-slide\" role=\"group\" aria-roledescription=\"slide\" aria-label=\"1 of 8\"><figure class=\"swiper-slide-inner\"><img decoding=\"async\" class=\"swiper-slide-image\" src=\"https:\/\/www.markus-shiatsu.at\/wp-content\/uploads\/2022\/08\/Bergmann-Markus.jpg\" alt=\"Markus Bergmann\" \/><\/figure><\/div><div class=\"swiper-slide\" role=\"group\" aria-roledescription=\"slide\" aria-label=\"2 of 8\"><figure class=\"swiper-slide-inner\"><img decoding=\"async\" class=\"swiper-slide-image\" src=\"https:\/\/www.markus-shiatsu.at\/wp-content\/uploads\/2026\/01\/12_dez21_512-1024x682.jpg\" alt=\"12_dez21_512\" \/><\/figure><\/div><div class=\"swiper-slide\" role=\"group\" aria-roledescription=\"slide\" aria-label=\"3 of 8\"><figure class=\"swiper-slide-inner\"><img decoding=\"async\" class=\"swiper-slide-image\" src=\"https:\/\/www.markus-shiatsu.at\/wp-content\/uploads\/2026\/01\/12_dez21_524-e1769329924660-1024x672.jpg\" alt=\"12_dez21_524\" \/><\/figure><\/div><div class=\"swiper-slide\" role=\"group\" aria-roledescription=\"slide\" aria-label=\"4 of 8\"><figure class=\"swiper-slide-inner\"><img decoding=\"async\" class=\"swiper-slide-image\" src=\"https:\/\/www.markus-shiatsu.at\/wp-content\/uploads\/2026\/01\/12_dez21_509-1024x682.jpg\" alt=\"12_dez21_509\" \/><\/figure><\/div><div class=\"swiper-slide\" role=\"group\" aria-roledescription=\"slide\" aria-label=\"5 of 8\"><figure class=\"swiper-slide-inner\"><img decoding=\"async\" class=\"swiper-slide-image\" src=\"https:\/\/www.markus-shiatsu.at\/wp-content\/uploads\/2026\/01\/IMG_0682-1024x768.jpg\" alt=\"IMG_0682\" \/><\/figure><\/div><div class=\"swiper-slide\" role=\"group\" aria-roledescription=\"slide\" aria-label=\"6 of 8\"><figure class=\"swiper-slide-inner\"><img decoding=\"async\" class=\"swiper-slide-image\" src=\"https:\/\/www.markus-shiatsu.at\/wp-content\/uploads\/2026\/01\/IMG_4930-1024x682.jpg\" alt=\"IMG_4930\" \/><\/figure><\/div><div class=\"swiper-slide\" role=\"group\" aria-roledescription=\"slide\" aria-label=\"7 of 8\"><figure class=\"swiper-slide-inner\"><img decoding=\"async\" class=\"swiper-slide-image\" src=\"https:\/\/www.markus-shiatsu.at\/wp-content\/uploads\/2026\/02\/unbenannt-7514-1024x644.jpg\" alt=\"Trommel\" \/><\/figure><\/div><div class=\"swiper-slide\" role=\"group\" aria-roledescription=\"slide\" aria-label=\"8 of 8\"><figure class=\"swiper-slide-inner\"><img decoding=\"async\" class=\"swiper-slide-image\" src=\"https:\/\/www.markus-shiatsu.at\/wp-content\/uploads\/2026\/01\/IMG_4913-1024x682.jpg\" alt=\"IMG_4913\" \/><\/figure><\/div>\t\t\t<\/div>\n\t\t\t\t\t\t\t\t\t\t\t\t<div class=\"elementor-swiper-button elementor-swiper-button-prev\" role=\"button\" tabindex=\"0\">\n\t\t\t\t\t\t<i aria-hidden=\"true\" class=\"eicon-chevron-left\"><\/i>\t\t\t\t\t<\/div>\n\t\t\t\t\t<div class=\"elementor-swiper-button elementor-swiper-button-next\" role=\"button\" tabindex=\"0\">\n\t\t\t\t\t\t<i aria-hidden=\"true\" class=\"eicon-chevron-right\"><\/i>\t\t\t\t\t<\/div>\n\t\t\t\t\n\t\t\t\t\t\t\t\t\t<div class=\"swiper-pagination\"><\/div>\n\t\t\t\t\t\t\t\t\t<\/div>\n\t\t\t\t\t\t<\/div>\n\t\t\t\t<\/div>\n\t\t\t\t<div class=\"elementor-element elementor-element-6a2469e elementor-hidden-desktop elementor-hidden-tablet elementor-widget elementor-widget-image\" data-id=\"6a2469e\" data-element_type=\"widget\" data-widget_type=\"image.default\">\n\t\t\t\t<div class=\"elementor-widget-container\">\n\t\t\t\t\t\t\t\t\t\t\t\t\t\t\t<img fetchpriority=\"high\" decoding=\"async\" width=\"1024\" height=\"683\" src=\"https:\/\/www.markus-shiatsu.at\/wp-content\/uploads\/2022\/08\/Bergmann-Markus-1.jpg\" class=\"attachment-large size-large wp-image-2435\" alt=\"\" srcset=\"https:\/\/www.markus-shiatsu.at\/wp-content\/uploads\/2022\/08\/Bergmann-Markus-1.jpg 1024w, https:\/\/www.markus-shiatsu.at\/wp-content\/uploads\/2022\/08\/Bergmann-Markus-1-300x200.jpg 300w, https:\/\/www.markus-shiatsu.at\/wp-content\/uploads\/2022\/08\/Bergmann-Markus-1-768x512.jpg 768w\" sizes=\"(max-width: 1024px) 100vw, 1024px\" \/>\t\t\t\t\t\t\t\t\t\t\t\t\t\t\t<\/div>\n\t\t\t\t<\/div>\n\t\t\t\t\t<\/div>\n\t\t<\/div>\n\t\t\t\t\t<\/div>\n\t\t<\/section>\n\t\t\t\t<section class=\"elementor-section elementor-top-section elementor-element elementor-element-60e1a68 elementor-section-boxed elementor-section-height-default elementor-section-height-default\" data-id=\"60e1a68\" data-element_type=\"section\">\n\t\t\t\t\t\t<div class=\"elementor-container elementor-column-gap-default\">\n\t\t\t\t\t<div class=\"elementor-column elementor-col-100 elementor-top-column elementor-element elementor-element-ded5eb2\" data-id=\"ded5eb2\" data-element_type=\"column\">\n\t\t\t<div class=\"elementor-widget-wrap elementor-element-populated\">\n\t\t\t\t\t\t<div class=\"elementor-element elementor-element-86b28ed elementor-widget elementor-widget-text-editor\" data-id=\"86b28ed\" data-element_type=\"widget\" data-widget_type=\"text-editor.default\">\n\t\t\t\t<div class=\"elementor-widget-container\">\n\t\t\t\t\t\t\t\t\t<p data-start=\"170\" data-end=\"327\"><strong data-start=\"170\" data-end=\"218\">Shiatsu is holistic bodywork.<\/strong><br data-start=\"218\" data-end=\"221\" \/>It supports relaxation, promotes body awareness and brings you back to your inner balance.<\/p><p data-start=\"329\" data-end=\"501\">With mindful touch, gentle stretches and targeted pressure along the energy channels, your body comes to rest. Tensions are released and your breath becomes freer.<\/p><p data-start=\"622\" data-end=\"745\">In my practice you will find a quiet, protected space.<br data-start=\"682\" data-end=\"685\" \/>You don't have to do anything here.<br data-start=\"714\" data-end=\"717\" \/>You can be you.<\/p><p data-start=\"747\" data-end=\"801\">I accompany you with experience, presence and mindfulness.<\/p><p data-start=\"803\" data-end=\"829\">I look forward to seeing you.<\/p><p data-start=\"831\" data-end=\"850\"><strong data-start=\"831\" data-end=\"850\">Markus Bergmann<\/strong><\/p>\t\t\t\t\t\t\t\t<\/div>\n\t\t\t\t<\/div>\n\t\t\t\t\t<\/div>\n\t\t<\/div>\n\t\t\t\t\t<\/div>\n\t\t<\/section>\n\t\t\t\t<section class=\"elementor-section elementor-top-section elementor-element elementor-element-d33731c elementor-section-boxed elementor-section-height-default elementor-section-height-default\" data-id=\"d33731c\" data-element_type=\"section\">\n\t\t\t\t\t\t<div class=\"elementor-container elementor-column-gap-default\">\n\t\t\t\t\t<div class=\"elementor-column elementor-col-100 elementor-top-column elementor-element elementor-element-28aa867\" data-id=\"28aa867\" data-element_type=\"column\">\n\t\t\t<div class=\"elementor-widget-wrap elementor-element-populated\">\n\t\t\t\t\t\t<div class=\"elementor-element elementor-element-6feac21 elementor-widget elementor-widget-image\" data-id=\"6feac21\" data-element_type=\"widget\" data-widget_type=\"image.default\">\n\t\t\t\t<div class=\"elementor-widget-container\">\n\t\t\t\t\t\t\t\t\t\t\t\t\t\t\t\t<a href=\"https:\/\/oeds.at\/intern\/smartpage\/\">\n\t\t\t\t\t\t\t<img decoding=\"async\" width=\"200\" height=\"120\" src=\"https:\/\/www.markus-shiatsu.at\/wp-content\/uploads\/2022\/03\/oeds-qualified-practitioner-klein.png\" class=\"attachment-medium size-medium wp-image-1630\" alt=\"\" \/>\t\t\t\t\t\t\t\t<\/a>\n\t\t\t\t\t\t\t\t\t\t\t\t\t\t\t<\/div>\n\t\t\t\t<\/div>\n\t\t\t\t\t<\/div>\n\t\t<\/div>\n\t\t\t\t\t<\/div>\n\t\t<\/section>\n\t\t\t\t<section class=\"elementor-section elementor-top-section elementor-element elementor-element-c6b9fdf elementor-section-boxed elementor-section-height-default elementor-section-height-default\" data-id=\"c6b9fdf\" data-element_type=\"section\">\n\t\t\t\t\t\t<div class=\"elementor-container elementor-column-gap-default\">\n\t\t\t\t\t<div class=\"elementor-column elementor-col-100 elementor-top-column elementor-element elementor-element-7aed2b9\" data-id=\"7aed2b9\" data-element_type=\"column\">\n\t\t\t<div class=\"elementor-widget-wrap\">\n\t\t\t\t\t\t\t<\/div>\n\t\t<\/div>\n\t\t\t\t\t<\/div>\n\t\t<\/section>\n\t\t\t\t<\/div>","protected":false},"excerpt":{"rendered":"<p>Shiatsu ist eine ganzheitliche K\u00f6rperarbeit.Sie unterst\u00fctzt Entspannung, f\u00f6rdert die K\u00f6rperwahrnehmung und bringt dich zur\u00fcck in deine innere Balance. Mit achtsamen Ber\u00fchrungen, sanften Dehnungen und gezieltem Druck entlang der Energiebahnen kommt dein K\u00f6rper zur Ruhe. Spannungen l\u00f6sen sich, der Atem wird freier. In meiner Praxis findest du einen ruhigen, gesch\u00fctzten Raum.Hier musst du nichts leisten.Du darfst [&hellip;]<\/p>\n","protected":false},"author":1,"featured_media":4207,"parent":0,"menu_order":0,"comment_status":"closed","ping_status":"closed","template":"","meta":{"site-sidebar-layout":"no-sidebar","site-content-layout":"page-builder","ast-site-content-layout":"default","site-content-style":"unboxed","site-sidebar-style":"unboxed","ast-global-header-display":"","ast-banner-title-visibility":"","ast-main-header-display":"","ast-hfb-above-header-display":"","ast-hfb-below-header-display":"","ast-hfb-mobile-header-display":"","site-post-title":"disabled","ast-breadcrumbs-content":"","ast-featured-img":"disabled","footer-sml-layout":"","ast-disable-related-posts":"","theme-transparent-header-meta":"disabled","adv-header-id-meta":"","stick-header-meta":"","header-above-stick-meta":"","header-main-stick-meta":"","header-below-stick-meta":"","astra-migrate-meta-layouts":"set","ast-page-background-enabled":"default","ast-page-background-meta":{"desktop":{"background-color":"var(--ast-global-color-4)","background-image":"","background-repeat":"repeat","background-position":"center center","background-size":"auto","background-attachment":"scroll","background-type":"","background-media":"","overlay-type":"","overlay-color":"","overlay-opacity":"","overlay-gradient":""},"tablet":{"background-color":"","background-image":"","background-repeat":"repeat","background-position":"center center","background-size":"auto","background-attachment":"scroll","background-type":"","background-media":"","overlay-type":"","overlay-color":"","overlay-opacity":"","overlay-gradient":""},"mobile":{"background-color":"","background-image":"","background-repeat":"repeat","background-position":"center center","background-size":"auto","background-attachment":"scroll","background-type":"","background-media":"","overlay-type":"","overlay-color":"","overlay-opacity":"","overlay-gradient":""}},"ast-content-background-meta":{"desktop":{"background-color":"var(--ast-global-color-5)","background-image":"","background-repeat":"repeat","background-position":"center center","background-size":"auto","background-attachment":"scroll","background-type":"","background-media":"","overlay-type":"","overlay-color":"","overlay-opacity":"","overlay-gradient":""},"tablet":{"background-color":"var(--ast-global-color-5)","background-image":"","background-repeat":"repeat","background-position":"center center","background-size":"auto","background-attachment":"scroll","background-type":"","background-media":"","overlay-type":"","overlay-color":"","overlay-opacity":"","overlay-gradient":""},"mobile":{"background-color":"var(--ast-global-color-5)","background-image":"","background-repeat":"repeat","background-position":"center center","background-size":"auto","background-attachment":"scroll","background-type":"","background-media":"","overlay-type":"","overlay-color":"","overlay-opacity":"","overlay-gradient":""}},"iawp_total_views":38,"footnotes":""},"class_list":["post-11","page","type-page","status-publish","has-post-thumbnail","hentry"],"yoast_head":"<!-- This site is optimized with the Yoast SEO Premium plugin v27.0 (Yoast SEO v27.0) - https:\/\/yoast.com\/product\/yoast-seo-premium-wordpress\/ -->\n<title>Startseite - Markus-Shiatsu<\/title>\n<meta name=\"description\" content=\"Entdecke Shiatsu in K\u00e4rnten \u2013 Ganzheitliche K\u00f6rperarbeit f\u00fcr Gesundheit, Erdung und neue Energie. Markus Bergmann in Hart bei F\u00fcrnitz.\" \/>\n<meta name=\"robots\" content=\"index, follow, max-snippet:-1, max-image-preview:large, max-video-preview:-1\" \/>\n<link rel=\"canonical\" href=\"https:\/\/www.markus-shiatsu.at\/en\/\" \/>\n<meta property=\"og:locale\" content=\"en_GB\" \/>\n<meta property=\"og:type\" content=\"article\" \/>\n<meta property=\"og:title\" content=\"Startseite\" \/>\n<meta property=\"og:description\" content=\"Entdecke Shiatsu in K\u00e4rnten \u2013 Ganzheitliche K\u00f6rperarbeit f\u00fcr Gesundheit, Erdung und neue Energie. Markus Bergmann in Hart bei F\u00fcrnitz.\" \/>\n<meta property=\"og:url\" content=\"https:\/\/www.markus-shiatsu.at\/en\/\" \/>\n<meta property=\"og:site_name\" content=\"Markus-Shiatsu\" \/>\n<meta property=\"article:publisher\" content=\"https:\/\/www.facebook.com\/Markus-Shiatsu-106137937934218\" \/>\n<meta property=\"article:modified_time\" content=\"2026-02-14T16:45:04+00:00\" \/>\n<meta property=\"og:image\" content=\"https:\/\/www.markus-shiatsu.at\/wp-content\/uploads\/2026\/01\/PA180141.jpg\" \/>\n\t<meta property=\"og:image:width\" content=\"2000\" \/>\n\t<meta property=\"og:image:height\" content=\"1333\" \/>\n\t<meta property=\"og:image:type\" content=\"image\/jpeg\" \/>\n<script type=\"application\/ld+json\" class=\"yoast-schema-graph\">{\"@context\":\"https:\/\/schema.org\",\"@graph\":[{\"@type\":\"WebPage\",\"@id\":\"https:\/\/www.markus-shiatsu.at\/\",\"url\":\"https:\/\/www.markus-shiatsu.at\/\",\"name\":\"Startseite - Markus-Shiatsu\",\"isPartOf\":{\"@id\":\"https:\/\/www.markus-shiatsu.at\/#website\"},\"primaryImageOfPage\":{\"@id\":\"https:\/\/www.markus-shiatsu.at\/#primaryimage\"},\"image\":{\"@id\":\"https:\/\/www.markus-shiatsu.at\/#primaryimage\"},\"thumbnailUrl\":\"https:\/\/www.markus-shiatsu.at\/wp-content\/uploads\/2026\/01\/PA180141.jpg\",\"datePublished\":\"2021-11-21T15:12:46+00:00\",\"dateModified\":\"2026-02-14T16:45:04+00:00\",\"description\":\"Entdecke Shiatsu in K\u00e4rnten \u2013 Ganzheitliche K\u00f6rperarbeit f\u00fcr Gesundheit, Erdung und neue Energie. Markus Bergmann in Hart bei F\u00fcrnitz.\",\"breadcrumb\":{\"@id\":\"https:\/\/www.markus-shiatsu.at\/#breadcrumb\"},\"inLanguage\":\"en-GB\",\"potentialAction\":[{\"@type\":\"ReadAction\",\"target\":[\"https:\/\/www.markus-shiatsu.at\/\"]}]},{\"@type\":\"ImageObject\",\"inLanguage\":\"en-GB\",\"@id\":\"https:\/\/www.markus-shiatsu.at\/#primaryimage\",\"url\":\"https:\/\/www.markus-shiatsu.at\/wp-content\/uploads\/2026\/01\/PA180141.jpg\",\"contentUrl\":\"https:\/\/www.markus-shiatsu.at\/wp-content\/uploads\/2026\/01\/PA180141.jpg\",\"width\":2000,\"height\":1333,\"caption\":\"OLYMPUS DIGITAL CAMERA\"},{\"@type\":\"BreadcrumbList\",\"@id\":\"https:\/\/www.markus-shiatsu.at\/#breadcrumb\",\"itemListElement\":[{\"@type\":\"ListItem\",\"position\":1,\"name\":\"Startseite\",\"item\":\"https:\/\/www.markus-shiatsu.at\/\"},{\"@type\":\"ListItem\",\"position\":2,\"name\":\"Startseite\"}]},{\"@type\":\"WebSite\",\"@id\":\"https:\/\/www.markus-shiatsu.at\/#website\",\"url\":\"https:\/\/www.markus-shiatsu.at\/\",\"name\":\"Markus-Shiatsu\",\"description\":\"Markus Bergmann ist Shiatsu Praktiker in Hart bei F\u00fcrnitz. Ber\u00fchrung schafft Ausgleich.\",\"publisher\":{\"@id\":\"https:\/\/www.markus-shiatsu.at\/#\/schema\/person\/0cdea85d528ddc3c0e36e90dacd4e8c8\"},\"potentialAction\":[{\"@type\":\"SearchAction\",\"target\":{\"@type\":\"EntryPoint\",\"urlTemplate\":\"https:\/\/www.markus-shiatsu.at\/?s={search_term_string}\"},\"query-input\":{\"@type\":\"PropertyValueSpecification\",\"valueRequired\":true,\"valueName\":\"search_term_string\"}}],\"inLanguage\":\"en-GB\"},{\"@type\":[\"Person\",\"Organization\"],\"@id\":\"https:\/\/www.markus-shiatsu.at\/#\/schema\/person\/0cdea85d528ddc3c0e36e90dacd4e8c8\",\"name\":\"Markus Bergmann\",\"image\":{\"@type\":\"ImageObject\",\"inLanguage\":\"en-GB\",\"@id\":\"https:\/\/www.markus-shiatsu.at\/#\/schema\/person\/image\/\",\"url\":\"https:\/\/www.markus-shiatsu.at\/wp-content\/uploads\/2022\/08\/Bergmann-Markus.jpg\",\"contentUrl\":\"https:\/\/www.markus-shiatsu.at\/wp-content\/uploads\/2022\/08\/Bergmann-Markus.jpg\",\"width\":1024,\"height\":683,\"caption\":\"Markus Bergmann\"},\"logo\":{\"@id\":\"https:\/\/www.markus-shiatsu.at\/#\/schema\/person\/image\/\"},\"description\":\"Markus Bergmann ist diplomierter Shiatsu Praktiker und erfahrener K\u00f6rpertherapeut. Shiatsu wirkt ausgleichend auf den gesamten Organismus und macht gesund :)\",\"sameAs\":[\"https:\/\/www.markus-shiatsu.at\",\"https:\/\/www.facebook.com\/Markus-Shiatsu-106137937934218\",\"https:\/\/www.instagram.com\/markus_shiatsu\/\"]}]}<\/script>\n<!-- \/ Yoast SEO Premium plugin. -->","yoast_head_json":{"title":"Homepage - Markus-Shiatsu","description":"Discover Shiatsu in Carinthia - Holistic bodywork for health, grounding and new energy. Markus Bergmann in Hart near F\u00fcrnitz.","robots":{"index":"index","follow":"follow","max-snippet":"max-snippet:-1","max-image-preview":"max-image-preview:large","max-video-preview":"max-video-preview:-1"},"canonical":"https:\/\/www.markus-shiatsu.at\/en\/","og_locale":"en_GB","og_type":"article","og_title":"Startseite","og_description":"Entdecke Shiatsu in K\u00e4rnten \u2013 Ganzheitliche K\u00f6rperarbeit f\u00fcr Gesundheit, Erdung und neue Energie. Markus Bergmann in Hart bei F\u00fcrnitz.","og_url":"https:\/\/www.markus-shiatsu.at\/en\/","og_site_name":"Markus-Shiatsu","article_publisher":"https:\/\/www.facebook.com\/Markus-Shiatsu-106137937934218","article_modified_time":"2026-02-14T16:45:04+00:00","og_image":[{"width":2000,"height":1333,"url":"https:\/\/www.markus-shiatsu.at\/wp-content\/uploads\/2026\/01\/PA180141.jpg","type":"image\/jpeg"}],"schema":{"@context":"https:\/\/schema.org","@graph":[{"@type":"WebPage","@id":"https:\/\/www.markus-shiatsu.at\/","url":"https:\/\/www.markus-shiatsu.at\/","name":"Homepage - Markus-Shiatsu","isPartOf":{"@id":"https:\/\/www.markus-shiatsu.at\/#website"},"primaryImageOfPage":{"@id":"https:\/\/www.markus-shiatsu.at\/#primaryimage"},"image":{"@id":"https:\/\/www.markus-shiatsu.at\/#primaryimage"},"thumbnailUrl":"https:\/\/www.markus-shiatsu.at\/wp-content\/uploads\/2026\/01\/PA180141.jpg","datePublished":"2021-11-21T15:12:46+00:00","dateModified":"2026-02-14T16:45:04+00:00","description":"Discover Shiatsu in Carinthia - Holistic bodywork for health, grounding and new energy. Markus Bergmann in Hart near F\u00fcrnitz.","breadcrumb":{"@id":"https:\/\/www.markus-shiatsu.at\/#breadcrumb"},"inLanguage":"en-GB","potentialAction":[{"@type":"ReadAction","target":["https:\/\/www.markus-shiatsu.at\/"]}]},{"@type":"ImageObject","inLanguage":"en-GB","@id":"https:\/\/www.markus-shiatsu.at\/#primaryimage","url":"https:\/\/www.markus-shiatsu.at\/wp-content\/uploads\/2026\/01\/PA180141.jpg","contentUrl":"https:\/\/www.markus-shiatsu.at\/wp-content\/uploads\/2026\/01\/PA180141.jpg","width":2000,"height":1333,"caption":"OLYMPUS DIGITAL CAMERA"},{"@type":"BreadcrumbList","@id":"https:\/\/www.markus-shiatsu.at\/#breadcrumb","itemListElement":[{"@type":"ListItem","position":1,"name":"Startseite","item":"https:\/\/www.markus-shiatsu.at\/"},{"@type":"ListItem","position":2,"name":"Startseite"}]},{"@type":"WebSite","@id":"https:\/\/www.markus-shiatsu.at\/#website","url":"https:\/\/www.markus-shiatsu.at\/","name":"Markus-Shiatsu","description":"Markus Bergmann is a Shiatsu practitioner in Hart near F\u00fcrnitz. Touch creates balance.","publisher":{"@id":"https:\/\/www.markus-shiatsu.at\/#\/schema\/person\/0cdea85d528ddc3c0e36e90dacd4e8c8"},"potentialAction":[{"@type":"SearchAction","target":{"@type":"EntryPoint","urlTemplate":"https:\/\/www.markus-shiatsu.at\/?s={search_term_string}"},"query-input":{"@type":"PropertyValueSpecification","valueRequired":true,"valueName":"search_term_string"}}],"inLanguage":"en-GB"},{"@type":["Person","Organization"],"@id":"https:\/\/www.markus-shiatsu.at\/#\/schema\/person\/0cdea85d528ddc3c0e36e90dacd4e8c8","name":"Markus Bergmann","image":{"@type":"ImageObject","inLanguage":"en-GB","@id":"https:\/\/www.markus-shiatsu.at\/#\/schema\/person\/image\/","url":"https:\/\/www.markus-shiatsu.at\/wp-content\/uploads\/2022\/08\/Bergmann-Markus.jpg","contentUrl":"https:\/\/www.markus-shiatsu.at\/wp-content\/uploads\/2022\/08\/Bergmann-Markus.jpg","width":1024,"height":683,"caption":"Markus Bergmann"},"logo":{"@id":"https:\/\/www.markus-shiatsu.at\/#\/schema\/person\/image\/"},"description":"Markus Bergmann is a qualified Shiatsu practitioner and experienced body therapist. Shiatsu has a balancing effect on the entire organism and makes you healthy :)","sameAs":["https:\/\/www.markus-shiatsu.at","https:\/\/www.facebook.com\/Markus-Shiatsu-106137937934218","https:\/\/www.instagram.com\/markus_shiatsu\/"]}]}},"_links":{"self":[{"href":"https:\/\/www.markus-shiatsu.at\/en\/wp-json\/wp\/v2\/pages\/11","targetHints":{"allow":["GET"]}}],"collection":[{"href":"https:\/\/www.markus-shiatsu.at\/en\/wp-json\/wp\/v2\/pages"}],"about":[{"href":"https:\/\/www.markus-shiatsu.at\/en\/wp-json\/wp\/v2\/types\/page"}],"author":[{"embeddable":true,"href":"https:\/\/www.markus-shiatsu.at\/en\/wp-json\/wp\/v2\/users\/1"}],"replies":[{"embeddable":true,"href":"https:\/\/www.markus-shiatsu.at\/en\/wp-json\/wp\/v2\/comments?post=11"}],"version-history":[{"count":631,"href":"https:\/\/www.markus-shiatsu.at\/en\/wp-json\/wp\/v2\/pages\/11\/revisions"}],"predecessor-version":[{"id":4375,"href":"https:\/\/www.markus-shiatsu.at\/en\/wp-json\/wp\/v2\/pages\/11\/revisions\/4375"}],"wp:featuredmedia":[{"embeddable":true,"href":"https:\/\/www.markus-shiatsu.at\/en\/wp-json\/wp\/v2\/media\/4207"}],"wp:attachment":[{"href":"https:\/\/www.markus-shiatsu.at\/en\/wp-json\/wp\/v2\/media?parent=11"}],"curies":[{"name":"wp","href":"https:\/\/api.w.org\/{rel}","templated":true}]}}