{"id":1941,"date":"2022-05-18T07:48:09","date_gmt":"2022-05-18T07:48:09","guid":{"rendered":"https:\/\/www.markus-shiatsu.at\/?page_id=1941"},"modified":"2026-02-14T16:47:00","modified_gmt":"2026-02-14T16:47:00","slug":"impressum","status":"publish","type":"page","link":"https:\/\/www.markus-shiatsu.at\/en\/impressum\/","title":{"rendered":"Imprint"},"content":{"rendered":"<div data-elementor-type=\"wp-page\" data-elementor-id=\"1941\" class=\"elementor elementor-1941\">\n\t\t\t\t\t\t<section class=\"elementor-section elementor-top-section elementor-element elementor-element-ce882a2 elementor-section-height-min-height elementor-section-boxed elementor-section-height-default elementor-section-items-middle\" data-id=\"ce882a2\" data-element_type=\"section\">\n\t\t\t\t\t\t<div class=\"elementor-container elementor-column-gap-default\">\n\t\t\t\t\t<div class=\"elementor-column elementor-col-100 elementor-top-column elementor-element elementor-element-3e0ef3d\" data-id=\"3e0ef3d\" data-element_type=\"column\">\n\t\t\t<div class=\"elementor-widget-wrap elementor-element-populated\">\n\t\t\t\t\t\t<div class=\"elementor-element elementor-element-69971cc elementor-widget elementor-widget-heading\" data-id=\"69971cc\" data-element_type=\"widget\" data-widget_type=\"heading.default\">\n\t\t\t\t<div class=\"elementor-widget-container\">\n\t\t\t\t\t<h1 class=\"elementor-heading-title elementor-size-default\">Imprint<\/h1>\t\t\t\t<\/div>\n\t\t\t\t<\/div>\n\t\t\t\t\t<\/div>\n\t\t<\/div>\n\t\t\t\t\t<\/div>\n\t\t<\/section>\n\t\t\t\t<section class=\"elementor-section elementor-top-section elementor-element elementor-element-17d459c elementor-section-height-min-height elementor-section-boxed elementor-section-height-default elementor-section-items-middle\" data-id=\"17d459c\" data-element_type=\"section\">\n\t\t\t\t\t\t<div class=\"elementor-container elementor-column-gap-default\">\n\t\t\t\t\t<div class=\"elementor-column elementor-col-100 elementor-top-column elementor-element elementor-element-544eaf9\" data-id=\"544eaf9\" data-element_type=\"column\">\n\t\t\t<div class=\"elementor-widget-wrap elementor-element-populated\">\n\t\t\t\t\t\t<div class=\"elementor-element elementor-element-86c544f elementor-widget elementor-widget-text-editor\" data-id=\"86c544f\" data-element_type=\"widget\" data-widget_type=\"text-editor.default\">\n\t\t\t\t<div class=\"elementor-widget-container\">\n\t\t\t\t\t\t\t\t\t<p style=\"text-align: center;\" data-start=\"414\" data-end=\"477\"><strong data-start=\"414\" data-end=\"433\">Markus Bergmann<\/strong><br data-start=\"433\" data-end=\"436\" \/>Hart 31<br data-start=\"443\" data-end=\"446\" \/>9587 Arnoldstein<br data-start=\"462\" data-end=\"465\" \/>Austria<\/p><p style=\"text-align: center;\" data-start=\"479\" data-end=\"536\">Phone: 0660 350 9936<br data-start=\"501\" data-end=\"504\" \/>E-mail: info (at) markus-shiatsu.at<\/p><p>\u00a0<\/p><p style=\"text-align: center;\" data-start=\"538\" data-end=\"590\"><strong data-start=\"538\" data-end=\"565\">Object of the company:<\/strong><br data-start=\"565\" data-end=\"568\" \/>Massage, limited to Shiatsu<\/p><p style=\"text-align: center;\" data-start=\"592\" data-end=\"617\"><strong data-start=\"592\" data-end=\"606\">GISA figure:<\/strong> 33109312<\/p><p style=\"text-align: center;\" data-start=\"619\" data-end=\"701\"><strong data-start=\"619\" data-end=\"661\">Competent supervisory authority according to ECG:<\/strong><br data-start=\"661\" data-end=\"664\" \/>District administration Villach-Land<\/p><p style=\"text-align: center;\" data-start=\"703\" data-end=\"754\"><strong data-start=\"703\" data-end=\"754\">Member of the Austrian Federal Economic Chamber (WKO)<\/strong><\/p><p style=\"text-align: center;\" data-start=\"703\" data-end=\"754\">Responsible for media content according to \u00a7 25 MedienG:<br \/>Markus Bergmann<\/p><p style=\"text-align: center;\"><strong style=\"font-size: 16px;\" data-start=\"493\" data-end=\"515\"> \u00a0 \u00a0 \u00a0 \u00a0 \u00a0<\/strong><\/p>\t\t\t\t\t\t\t\t<\/div>\n\t\t\t\t<\/div>\n\t\t\t\t\t<\/div>\n\t\t<\/div>\n\t\t\t\t\t<\/div>\n\t\t<\/section>\n\t\t\t\t<section class=\"elementor-section elementor-top-section elementor-element elementor-element-5058f5d elementor-section-boxed elementor-section-height-default elementor-section-height-default\" data-id=\"5058f5d\" data-element_type=\"section\">\n\t\t\t\t\t\t<div class=\"elementor-container elementor-column-gap-default\">\n\t\t\t\t\t<div class=\"elementor-column elementor-col-100 elementor-top-column elementor-element elementor-element-28c4cba\" data-id=\"28c4cba\" data-element_type=\"column\">\n\t\t\t<div class=\"elementor-widget-wrap elementor-element-populated\">\n\t\t\t\t\t\t<div class=\"elementor-element elementor-element-a649367 elementor-widget elementor-widget-spacer\" data-id=\"a649367\" data-element_type=\"widget\" data-widget_type=\"spacer.default\">\n\t\t\t\t<div class=\"elementor-widget-container\">\n\t\t\t\t\t\t\t<div class=\"elementor-spacer\">\n\t\t\t<div class=\"elementor-spacer-inner\"><\/div>\n\t\t<\/div>\n\t\t\t\t\t\t<\/div>\n\t\t\t\t<\/div>\n\t\t\t\t\t<\/div>\n\t\t<\/div>\n\t\t\t\t\t<\/div>\n\t\t<\/section>\n\t\t\t\t<\/div>","protected":false},"excerpt":{"rendered":"<p>Impressum Markus BergmannHart 319587 Arnoldstein\u00d6sterreich Telefon: 0660 350 9936E-Mail: info (at) markus-shiatsu.at \u00a0 Unternehmensgegenstand:Massage, eingeschr\u00e4nkt auf Shiatsu GISA-Zahl: 33109312 Zust\u00e4ndige Aufsichtsbeh\u00f6rde gem\u00e4\u00df ECG:Bezirkshauptmannschaft Villach-Land Mitglied der Wirtschaftskammer \u00d6sterreich (WKO) Medieninhaltlich verantwortlich gem\u00e4\u00df \u00a7 25 MedienG:Markus Bergmann \u00a0 \u00a0 \u00a0 \u00a0 \u00a0<\/p>","protected":false},"author":1,"featured_media":0,"parent":0,"menu_order":0,"comment_status":"closed","ping_status":"closed","template":"","meta":{"site-sidebar-layout":"no-sidebar","site-content-layout":"page-builder","ast-site-content-layout":"default","site-content-style":"default","site-sidebar-style":"default","ast-global-header-display":"","ast-banner-title-visibility":"","ast-main-header-display":"","ast-hfb-above-header-display":"","ast-hfb-below-header-display":"","ast-hfb-mobile-header-display":"","site-post-title":"disabled","ast-breadcrumbs-content":"","ast-featured-img":"disabled","footer-sml-layout":"","ast-disable-related-posts":"","theme-transparent-header-meta":"","adv-header-id-meta":"","stick-header-meta":"","header-above-stick-meta":"","header-main-stick-meta":"","header-below-stick-meta":"","astra-migrate-meta-layouts":"default","ast-page-background-enabled":"default","ast-page-background-meta":{"desktop":{"background-color":"var(--ast-global-color-4)","background-image":"","background-repeat":"repeat","background-position":"center center","background-size":"auto","background-attachment":"scroll","background-type":"","background-media":"","overlay-type":"","overlay-color":"","overlay-opacity":"","overlay-gradient":""},"tablet":{"background-color":"","background-image":"","background-repeat":"repeat","background-position":"center center","background-size":"auto","background-attachment":"scroll","background-type":"","background-media":"","overlay-type":"","overlay-color":"","overlay-opacity":"","overlay-gradient":""},"mobile":{"background-color":"","background-image":"","background-repeat":"repeat","background-position":"center center","background-size":"auto","background-attachment":"scroll","background-type":"","background-media":"","overlay-type":"","overlay-color":"","overlay-opacity":"","overlay-gradient":""}},"ast-content-background-meta":{"desktop":{"background-color":"var(--ast-global-color-5)","background-image":"","background-repeat":"repeat","background-position":"center center","background-size":"auto","background-attachment":"scroll","background-type":"","background-media":"","overlay-type":"","overlay-color":"","overlay-opacity":"","overlay-gradient":""},"tablet":{"background-color":"var(--ast-global-color-5)","background-image":"","background-repeat":"repeat","background-position":"center center","background-size":"auto","background-attachment":"scroll","background-type":"","background-media":"","overlay-type":"","overlay-color":"","overlay-opacity":"","overlay-gradient":""},"mobile":{"background-color":"var(--ast-global-color-5)","background-image":"","background-repeat":"repeat","background-position":"center center","background-size":"auto","background-attachment":"scroll","background-type":"","background-media":"","overlay-type":"","overlay-color":"","overlay-opacity":"","overlay-gradient":""}},"iawp_total_views":1,"footnotes":""},"class_list":["post-1941","page","type-page","status-publish","hentry"],"yoast_head":"<!-- This site is optimized with the Yoast SEO Premium plugin v27.0 (Yoast SEO v27.0) - https:\/\/yoast.com\/product\/yoast-seo-premium-wordpress\/ -->\n<title>Impressum - Markus-Shiatsu<\/title>\n<meta name=\"robots\" content=\"index, follow, max-snippet:-1, max-image-preview:large, max-video-preview:-1\" \/>\n<link rel=\"canonical\" href=\"https:\/\/www.markus-shiatsu.at\/en\/impressum\/\" \/>\n<meta property=\"og:locale\" content=\"en_GB\" \/>\n<meta property=\"og:type\" content=\"article\" \/>\n<meta property=\"og:title\" content=\"Impressum\" \/>\n<meta property=\"og:description\" content=\"Impressum Markus BergmannHart 319587 Arnoldstein\u00d6sterreich Telefon: 0660 350 9936E-Mail: info (at) markus-shiatsu.at \u00a0 Unternehmensgegenstand:Massage, eingeschr\u00e4nkt auf Shiatsu GISA-Zahl: 33109312 Zust\u00e4ndige Aufsichtsbeh\u00f6rde gem\u00e4\u00df ECG:Bezirkshauptmannschaft Villach-Land Mitglied der Wirtschaftskammer \u00d6sterreich (WKO) Medieninhaltlich verantwortlich gem\u00e4\u00df \u00a7 25 MedienG:Markus Bergmann \u00a0 \u00a0 \u00a0 \u00a0 \u00a0\" \/>\n<meta property=\"og:url\" content=\"https:\/\/www.markus-shiatsu.at\/en\/impressum\/\" \/>\n<meta property=\"og:site_name\" content=\"Markus-Shiatsu\" \/>\n<meta property=\"article:publisher\" content=\"https:\/\/www.facebook.com\/Markus-Shiatsu-106137937934218\" \/>\n<meta property=\"article:modified_time\" content=\"2026-02-14T16:47:00+00:00\" \/>\n<meta property=\"og:image\" content=\"https:\/\/www.markus-shiatsu.at\/wp-content\/uploads\/2022\/08\/Dehnung-scaled.jpg\" \/>\n\t<meta property=\"og:image:width\" content=\"2560\" \/>\n\t<meta property=\"og:image:height\" content=\"1707\" \/>\n\t<meta property=\"og:image:type\" content=\"image\/jpeg\" \/>\n<script type=\"application\/ld+json\" class=\"yoast-schema-graph\">{\"@context\":\"https:\/\/schema.org\",\"@graph\":[{\"@type\":\"WebPage\",\"@id\":\"https:\/\/www.markus-shiatsu.at\/impressum\/\",\"url\":\"https:\/\/www.markus-shiatsu.at\/impressum\/\",\"name\":\"Impressum - Markus-Shiatsu\",\"isPartOf\":{\"@id\":\"https:\/\/www.markus-shiatsu.at\/#website\"},\"datePublished\":\"2022-05-18T07:48:09+00:00\",\"dateModified\":\"2026-02-14T16:47:00+00:00\",\"breadcrumb\":{\"@id\":\"https:\/\/www.markus-shiatsu.at\/impressum\/#breadcrumb\"},\"inLanguage\":\"en-GB\",\"potentialAction\":[{\"@type\":\"ReadAction\",\"target\":[\"https:\/\/www.markus-shiatsu.at\/impressum\/\"]}]},{\"@type\":\"BreadcrumbList\",\"@id\":\"https:\/\/www.markus-shiatsu.at\/impressum\/#breadcrumb\",\"itemListElement\":[{\"@type\":\"ListItem\",\"position\":1,\"name\":\"Startseite\",\"item\":\"https:\/\/www.markus-shiatsu.at\/\"},{\"@type\":\"ListItem\",\"position\":2,\"name\":\"Impressum\"}]},{\"@type\":\"WebSite\",\"@id\":\"https:\/\/www.markus-shiatsu.at\/#website\",\"url\":\"https:\/\/www.markus-shiatsu.at\/\",\"name\":\"Markus-Shiatsu\",\"description\":\"Markus Bergmann ist Shiatsu Praktiker in Hart bei F\u00fcrnitz. Ber\u00fchrung schafft Ausgleich.\",\"publisher\":{\"@id\":\"https:\/\/www.markus-shiatsu.at\/#\/schema\/person\/0cdea85d528ddc3c0e36e90dacd4e8c8\"},\"potentialAction\":[{\"@type\":\"SearchAction\",\"target\":{\"@type\":\"EntryPoint\",\"urlTemplate\":\"https:\/\/www.markus-shiatsu.at\/?s={search_term_string}\"},\"query-input\":{\"@type\":\"PropertyValueSpecification\",\"valueRequired\":true,\"valueName\":\"search_term_string\"}}],\"inLanguage\":\"en-GB\"},{\"@type\":[\"Person\",\"Organization\"],\"@id\":\"https:\/\/www.markus-shiatsu.at\/#\/schema\/person\/0cdea85d528ddc3c0e36e90dacd4e8c8\",\"name\":\"Markus Bergmann\",\"image\":{\"@type\":\"ImageObject\",\"inLanguage\":\"en-GB\",\"@id\":\"https:\/\/www.markus-shiatsu.at\/#\/schema\/person\/image\/\",\"url\":\"https:\/\/www.markus-shiatsu.at\/wp-content\/uploads\/2022\/08\/Bergmann-Markus.jpg\",\"contentUrl\":\"https:\/\/www.markus-shiatsu.at\/wp-content\/uploads\/2022\/08\/Bergmann-Markus.jpg\",\"width\":1024,\"height\":683,\"caption\":\"Markus Bergmann\"},\"logo\":{\"@id\":\"https:\/\/www.markus-shiatsu.at\/#\/schema\/person\/image\/\"},\"description\":\"Markus Bergmann ist diplomierter Shiatsu Praktiker und erfahrener K\u00f6rpertherapeut. Shiatsu wirkt ausgleichend auf den gesamten Organismus und macht gesund :)\",\"sameAs\":[\"https:\/\/www.markus-shiatsu.at\",\"https:\/\/www.facebook.com\/Markus-Shiatsu-106137937934218\",\"https:\/\/www.instagram.com\/markus_shiatsu\/\"]}]}<\/script>\n<!-- \/ Yoast SEO Premium plugin. -->","yoast_head_json":{"title":"Impressum - Markus-Shiatsu","robots":{"index":"index","follow":"follow","max-snippet":"max-snippet:-1","max-image-preview":"max-image-preview:large","max-video-preview":"max-video-preview:-1"},"canonical":"https:\/\/www.markus-shiatsu.at\/en\/impressum\/","og_locale":"en_GB","og_type":"article","og_title":"Impressum","og_description":"Impressum Markus BergmannHart 319587 Arnoldstein\u00d6sterreich Telefon: 0660 350 9936E-Mail: info (at) markus-shiatsu.at \u00a0 Unternehmensgegenstand:Massage, eingeschr\u00e4nkt auf Shiatsu GISA-Zahl: 33109312 Zust\u00e4ndige Aufsichtsbeh\u00f6rde gem\u00e4\u00df ECG:Bezirkshauptmannschaft Villach-Land Mitglied der Wirtschaftskammer \u00d6sterreich (WKO) Medieninhaltlich verantwortlich gem\u00e4\u00df \u00a7 25 MedienG:Markus Bergmann \u00a0 \u00a0 \u00a0 \u00a0 \u00a0","og_url":"https:\/\/www.markus-shiatsu.at\/en\/impressum\/","og_site_name":"Markus-Shiatsu","article_publisher":"https:\/\/www.facebook.com\/Markus-Shiatsu-106137937934218","article_modified_time":"2026-02-14T16:47:00+00:00","og_image":[{"width":2560,"height":1707,"url":"https:\/\/www.markus-shiatsu.at\/wp-content\/uploads\/2022\/08\/Dehnung-scaled.jpg","type":"image\/jpeg"}],"schema":{"@context":"https:\/\/schema.org","@graph":[{"@type":"WebPage","@id":"https:\/\/www.markus-shiatsu.at\/impressum\/","url":"https:\/\/www.markus-shiatsu.at\/impressum\/","name":"Impressum - Markus-Shiatsu","isPartOf":{"@id":"https:\/\/www.markus-shiatsu.at\/#website"},"datePublished":"2022-05-18T07:48:09+00:00","dateModified":"2026-02-14T16:47:00+00:00","breadcrumb":{"@id":"https:\/\/www.markus-shiatsu.at\/impressum\/#breadcrumb"},"inLanguage":"en-GB","potentialAction":[{"@type":"ReadAction","target":["https:\/\/www.markus-shiatsu.at\/impressum\/"]}]},{"@type":"BreadcrumbList","@id":"https:\/\/www.markus-shiatsu.at\/impressum\/#breadcrumb","itemListElement":[{"@type":"ListItem","position":1,"name":"Startseite","item":"https:\/\/www.markus-shiatsu.at\/"},{"@type":"ListItem","position":2,"name":"Impressum"}]},{"@type":"WebSite","@id":"https:\/\/www.markus-shiatsu.at\/#website","url":"https:\/\/www.markus-shiatsu.at\/","name":"Markus-Shiatsu","description":"Markus Bergmann is a Shiatsu practitioner in Hart near F\u00fcrnitz. Touch creates balance.","publisher":{"@id":"https:\/\/www.markus-shiatsu.at\/#\/schema\/person\/0cdea85d528ddc3c0e36e90dacd4e8c8"},"potentialAction":[{"@type":"SearchAction","target":{"@type":"EntryPoint","urlTemplate":"https:\/\/www.markus-shiatsu.at\/?s={search_term_string}"},"query-input":{"@type":"PropertyValueSpecification","valueRequired":true,"valueName":"search_term_string"}}],"inLanguage":"en-GB"},{"@type":["Person","Organization"],"@id":"https:\/\/www.markus-shiatsu.at\/#\/schema\/person\/0cdea85d528ddc3c0e36e90dacd4e8c8","name":"Markus Bergmann","image":{"@type":"ImageObject","inLanguage":"en-GB","@id":"https:\/\/www.markus-shiatsu.at\/#\/schema\/person\/image\/","url":"https:\/\/www.markus-shiatsu.at\/wp-content\/uploads\/2022\/08\/Bergmann-Markus.jpg","contentUrl":"https:\/\/www.markus-shiatsu.at\/wp-content\/uploads\/2022\/08\/Bergmann-Markus.jpg","width":1024,"height":683,"caption":"Markus Bergmann"},"logo":{"@id":"https:\/\/www.markus-shiatsu.at\/#\/schema\/person\/image\/"},"description":"Markus Bergmann is a qualified Shiatsu practitioner and experienced body therapist. Shiatsu has a balancing effect on the entire organism and makes you healthy :)","sameAs":["https:\/\/www.markus-shiatsu.at","https:\/\/www.facebook.com\/Markus-Shiatsu-106137937934218","https:\/\/www.instagram.com\/markus_shiatsu\/"]}]}},"_links":{"self":[{"href":"https:\/\/www.markus-shiatsu.at\/en\/wp-json\/wp\/v2\/pages\/1941","targetHints":{"allow":["GET"]}}],"collection":[{"href":"https:\/\/www.markus-shiatsu.at\/en\/wp-json\/wp\/v2\/pages"}],"about":[{"href":"https:\/\/www.markus-shiatsu.at\/en\/wp-json\/wp\/v2\/types\/page"}],"author":[{"embeddable":true,"href":"https:\/\/www.markus-shiatsu.at\/en\/wp-json\/wp\/v2\/users\/1"}],"replies":[{"embeddable":true,"href":"https:\/\/www.markus-shiatsu.at\/en\/wp-json\/wp\/v2\/comments?post=1941"}],"version-history":[{"count":79,"href":"https:\/\/www.markus-shiatsu.at\/en\/wp-json\/wp\/v2\/pages\/1941\/revisions"}],"predecessor-version":[{"id":4384,"href":"https:\/\/www.markus-shiatsu.at\/en\/wp-json\/wp\/v2\/pages\/1941\/revisions\/4384"}],"wp:attachment":[{"href":"https:\/\/www.markus-shiatsu.at\/en\/wp-json\/wp\/v2\/media?parent=1941"}],"curies":[{"name":"wp","href":"https:\/\/api.w.org\/{rel}","templated":true}]}}