{"id":2281,"date":"2022-06-13T17:24:49","date_gmt":"2022-06-13T17:24:49","guid":{"rendered":"https:\/\/www.markus-shiatsu.at\/?page_id=2281"},"modified":"2026-03-07T09:16:28","modified_gmt":"2026-03-07T09:16:28","slug":"datenschutzrichtlinien","status":"publish","type":"page","link":"https:\/\/www.markus-shiatsu.at\/en\/datenschutzrichtlinien\/","title":{"rendered":"Privacy policy"},"content":{"rendered":"<div data-elementor-type=\"wp-page\" data-elementor-id=\"2281\" class=\"elementor elementor-2281\">\n\t\t\t\t\t\t<section class=\"elementor-section elementor-top-section elementor-element elementor-element-a9d298e elementor-section-boxed elementor-section-height-default elementor-section-height-default\" data-id=\"a9d298e\" data-element_type=\"section\">\n\t\t\t\t\t\t<div class=\"elementor-container elementor-column-gap-default\">\n\t\t\t\t\t<div class=\"elementor-column elementor-col-100 elementor-top-column elementor-element elementor-element-409f042\" data-id=\"409f042\" data-element_type=\"column\">\n\t\t\t<div class=\"elementor-widget-wrap elementor-element-populated\">\n\t\t\t\t\t\t<div class=\"elementor-element elementor-element-3e7d6c8 elementor-widget elementor-widget-heading\" data-id=\"3e7d6c8\" data-element_type=\"widget\" data-widget_type=\"heading.default\">\n\t\t\t\t<div class=\"elementor-widget-container\">\n\t\t\t\t\t<h1 class=\"elementor-heading-title elementor-size-default\">Privacy policy<\/h1>\t\t\t\t<\/div>\n\t\t\t\t<\/div>\n\t\t\t\t\t<\/div>\n\t\t<\/div>\n\t\t\t\t\t<\/div>\n\t\t<\/section>\n\t\t\t\t<section class=\"elementor-section elementor-top-section elementor-element elementor-element-3304568 elementor-section-boxed elementor-section-height-default elementor-section-height-default\" data-id=\"3304568\" data-element_type=\"section\">\n\t\t\t\t\t\t<div class=\"elementor-container elementor-column-gap-default\">\n\t\t\t\t\t<div class=\"elementor-column elementor-col-100 elementor-top-column elementor-element elementor-element-981ce3e\" data-id=\"981ce3e\" data-element_type=\"column\">\n\t\t\t<div class=\"elementor-widget-wrap elementor-element-populated\">\n\t\t\t\t\t\t<div class=\"elementor-element elementor-element-7740a54 elementor-widget elementor-widget-text-editor\" data-id=\"7740a54\" data-element_type=\"widget\" data-widget_type=\"text-editor.default\">\n\t\t\t\t<div class=\"elementor-widget-container\">\n\t\t\t\t\t\t\t\t\t<h2 data-section-id=\"193ry35\" data-start=\"274\" data-end=\"299\">1. general information<\/h2><p data-start=\"301\" data-end=\"549\">The protection of your personal data is of particular concern to us. We process your personal data exclusively on the basis of the statutory provisions (General Data Protection Regulation - GDPR, Telecommunications Act - TKG 2003).<\/p><p data-start=\"551\" data-end=\"678\">In this privacy policy, we inform you about the most important aspects of data processing in the context of this website.<br \/><br \/><\/p><h2 data-section-id=\"1ukx5qf\" data-start=\"685\" data-end=\"706\">2. responsible person<\/h2><p data-start=\"708\" data-end=\"792\">Markus Bergmann - Shiatsu &amp; Bodywork<br data-start=\"748\" data-end=\"751\" \/>Hard 21<br data-start=\"758\" data-end=\"761\" \/>9587 Riegersdorf<br data-start=\"777\" data-end=\"780\" \/>Austria<\/p><p data-start=\"794\" data-end=\"851\">Phone: 0660 350 9936<br data-start=\"816\" data-end=\"819\" \/>E-Mail: <a class=\"decorated-link cursor-pointer\" rel=\"noopener\" data-start=\"827\" data-end=\"849\">info@markus-shiatsu.at<br \/><br \/><\/a><\/p><h2 data-section-id=\"17uxlj2\" data-start=\"858\" data-end=\"885\">3. use of cookies<\/h2><p data-start=\"887\" data-end=\"964\">This website uses <strong data-start=\"911\" data-end=\"963\">No marketing, tracking or analysis cookies<\/strong>.<\/p><p data-start=\"966\" data-end=\"1078\">There is no evaluation of user behaviour for advertising purposes and no forwarding of data to advertising services.<\/p><p data-start=\"1080\" data-end=\"1191\">Technically necessary cookies may be used if they are required for the operation of the website.<\/p><p data-start=\"1193\" data-end=\"1319\">Legal basis: <strong data-start=\"1210\" data-end=\"1318\">Art. 6 para. 1 lit. f GDPR (legitimate interest in the secure and functional operation of the website)<\/strong>.<\/p><hr data-start=\"1321\" data-end=\"1324\" \/><h2 data-section-id=\"7v7nsy\" data-start=\"1326\" data-end=\"1371\">4. contact us via the contact form<\/h2><p data-start=\"1373\" data-end=\"1610\">If you contact us via the contact form, the data you enter (e.g. name, e-mail address, telephone number and message) will be processed for the purpose of processing your enquiry and for possible follow-up questions.<\/p><p data-start=\"1612\" data-end=\"1815\">The legal basis is<br data-start=\"1631\" data-end=\"1634\" \/><strong data-start=\"1634\" data-end=\"1715\">Art. 6 para. 1 lit. b GDPR (pre-contractual measures or contract fulfilment)<\/strong> and<br data-start=\"1721\" data-end=\"1724\" \/><strong data-start=\"1724\" data-end=\"1814\">Art. 6 para. 1 lit. f GDPR (legitimate interest in efficient communication)<\/strong>.<\/p><p data-start=\"1817\" data-end=\"1921\">The contact form is created via the WordPress plugin <span class=\"hover:entity-accent entity-underline inline cursor-pointer align-baseline\"><span class=\"whitespace-normal\">WPForms<\/span><\/span> provided.<\/p><p data-start=\"1923\" data-end=\"2040\">Depending on the configuration, the data is transmitted by e-mail and\/or temporarily stored in the website database.<\/p><p data-start=\"2042\" data-end=\"2131\">Your data will not be passed on to third parties without your express consent.<\/p><p data-start=\"2133\" data-end=\"2217\">Please use the contact form to submit <strong data-start=\"2180\" data-end=\"2216\">No sensitive health data<\/strong>.<br \/><br \/><\/p><h2 data-section-id=\"x17okt\" data-start=\"2224\" data-end=\"2274\">5 Voluntary transmission of health data<\/h2><p data-start=\"2276\" data-end=\"2443\">If health-related information is provided voluntarily as part of an enquiry, it will be processed exclusively for the purpose of processing the enquiry.<\/p><p data-start=\"2445\" data-end=\"2543\">Processing is carried out in compliance with the special protection regulations in accordance with <strong data-start=\"2526\" data-end=\"2542\">Art. 9 GDPR<\/strong>.<\/p><p data-start=\"2445\" data-end=\"2543\">\u00a0<\/p><h2 data-section-id=\"f97f0m\" data-start=\"2550\" data-end=\"2594\">6. contact by e-mail or telephone<\/h2><p data-start=\"2596\" data-end=\"2793\">If you contact us by e-mail or telephone, the personal data you provide (name, contact details and content of the enquiry) will be stored for the purpose of processing your enquiry.<\/p><p data-start=\"2795\" data-end=\"2886\">The legal basis is<br data-start=\"2814\" data-end=\"2817\" \/><strong data-start=\"2817\" data-end=\"2847\">Art. 6 para. 1 lit. b GDPR<\/strong> or<br data-start=\"2852\" data-end=\"2855\" \/><strong data-start=\"2855\" data-end=\"2885\">Art. 6 para. 1 lit. f GDPR<\/strong>.<\/p><p data-start=\"2888\" data-end=\"2954\">This data will not be passed on without your consent.<\/p><p data-start=\"2888\" data-end=\"2954\">\u00a0<\/p><h2 data-section-id=\"8jvy4m\" data-start=\"2961\" data-end=\"2981\">7. server log files<\/h2><p data-start=\"2983\" data-end=\"3130\">The hosting provider of this website automatically collects and stores information in so-called <strong data-start=\"3081\" data-end=\"3100\">Server log files<\/strong>, that your browser transmits.<\/p><p data-start=\"3132\" data-end=\"3155\">These are in particular<\/p><ul data-start=\"3157\" data-end=\"3346\"><li data-section-id=\"19a83vq\" data-start=\"3157\" data-end=\"3242\"><p data-start=\"3159\" data-end=\"3242\">IP address (truncated or pseudonymised, if provided by the hosting provider)<\/p><\/li><li data-section-id=\"78ua8h\" data-start=\"3243\" data-end=\"3270\"><p data-start=\"3245\" data-end=\"3270\">Browser type and version<\/p><\/li><li data-section-id=\"16zjdan\" data-start=\"3271\" data-end=\"3301\"><p data-start=\"3273\" data-end=\"3301\">Operating system used<\/p><\/li><li data-section-id=\"4st6i5\" data-start=\"3302\" data-end=\"3318\"><p data-start=\"3304\" data-end=\"3318\">Referrer URL<\/p><\/li><li data-section-id=\"16guikr\" data-start=\"3319\" data-end=\"3346\"><p data-start=\"3321\" data-end=\"3346\">Time of the server request<\/p><\/li><\/ul><p data-start=\"3348\" data-end=\"3463\">This data cannot be assigned to specific persons. It is not merged with other data sources.<\/p><p data-start=\"3465\" data-end=\"3636\">The processing takes place on the basis of <strong data-start=\"3508\" data-end=\"3538\">Art. 6 para. 1 lit. f GDPR<\/strong> (legitimate interest in ensuring technical operation and system security).<\/p><p data-start=\"3638\" data-end=\"3779\">The log files are usually <strong data-start=\"3671\" data-end=\"3715\">automatically deleted after 7 to 14 days<\/strong>, unless a security-related evaluation is required.<\/p><p data-start=\"3638\" data-end=\"3779\">\u00a0<\/p><h2 data-section-id=\"d3ybn1\" data-start=\"3786\" data-end=\"3801\">8. web analysis<\/h2><p data-start=\"3803\" data-end=\"3933\">To statistically analyse the use of our website, we use the WordPress plugin <span class=\"hover:entity-accent entity-underline inline cursor-pointer align-baseline\"><span class=\"whitespace-normal\">Independent Analytics<\/span><\/span>.<\/p><p data-start=\"3935\" data-end=\"4101\">Independent Analytics processes visitor data exclusively on our own server. It will be <strong data-start=\"4036\" data-end=\"4100\">no data is transferred to external services or third-party providers<\/strong>.<\/p><p data-start=\"4103\" data-end=\"4168\">The following anonymised information can be collected:<\/p><ul data-start=\"4170\" data-end=\"4339\"><li data-section-id=\"iz9n13\" data-start=\"4170\" data-end=\"4192\"><p data-start=\"4172\" data-end=\"4192\">pages viewed<\/p><\/li><li data-section-id=\"bastlt\" data-start=\"4193\" data-end=\"4232\"><p data-start=\"4195\" data-end=\"4232\">Date and time of the page view<\/p><\/li><li data-section-id=\"14i60nx\" data-start=\"4233\" data-end=\"4272\"><p data-start=\"4235\" data-end=\"4272\">Referrer URL (previously visited page)<\/p><\/li><li data-section-id=\"1d7adnn\" data-start=\"4273\" data-end=\"4298\"><p data-start=\"4275\" data-end=\"4298\">Device type and browser<\/p><\/li><li data-section-id=\"sz9rrw\" data-start=\"4299\" data-end=\"4339\"><p data-start=\"4301\" data-end=\"4339\">Approximate geographical origin (country)<\/p><\/li><\/ul><p data-start=\"4341\" data-end=\"4448\">The IP address is not stored permanently and is not used to identify individual persons.<\/p><p data-start=\"4450\" data-end=\"4575\">Legal basis: <strong data-start=\"4467\" data-end=\"4574\">Art. 6 para. 1 lit. f GDPR (legitimate interest in analysing and improving our website)<\/strong>.<\/p><p data-start=\"4450\" data-end=\"4575\">\u00a0<\/p><h2 data-section-id=\"1r1ypkn\" data-start=\"4582\" data-end=\"4600\">9. external links<\/h2><p data-start=\"4602\" data-end=\"4738\">This website contains links to external third-party websites. We accept no responsibility for their content and data protection practices.<\/p><p data-start=\"4740\" data-end=\"4812\">The respective data protection declarations of the linked providers apply.<\/p><p data-start=\"4740\" data-end=\"4812\">\u00a0<\/p><h2 data-section-id=\"127mmq\" data-start=\"4819\" data-end=\"4836\">10. your rights<\/h2><p data-start=\"4838\" data-end=\"4884\">You are entitled to the following rights:<\/p><ul data-start=\"4886\" data-end=\"5251\"><li data-section-id=\"16qhkcy\" data-start=\"4886\" data-end=\"4924\"><p data-start=\"4888\" data-end=\"4924\">Right to information (Art. 15 GDPR)<\/p><\/li><li data-section-id=\"vtnhhh\" data-start=\"4925\" data-end=\"4967\"><p data-start=\"4927\" data-end=\"4967\">Right to rectification (Art. 16 GDPR)<\/p><\/li><li data-section-id=\"1i77pvv\" data-start=\"4968\" data-end=\"5006\"><p data-start=\"4970\" data-end=\"5006\">Right to erasure (Art. 17 GDPR)<\/p><\/li><li data-section-id=\"4dbew\" data-start=\"5007\" data-end=\"5067\"><p data-start=\"5009\" data-end=\"5067\">Right to restriction of processing (Art. 18 GDPR)<\/p><\/li><li data-section-id=\"9c3lds\" data-start=\"5068\" data-end=\"5118\"><p data-start=\"5070\" data-end=\"5118\">Right to data portability (Art. 20 GDPR)<\/p><\/li><li data-section-id=\"1i37fsw\" data-start=\"5119\" data-end=\"5183\"><p data-start=\"5121\" data-end=\"5183\">Right to object to the processing (Art. 21 GDPR)<\/p><\/li><li data-section-id=\"1ziebk\" data-start=\"5184\" data-end=\"5251\"><p data-start=\"5186\" data-end=\"5251\">Right to withdraw consent given (Art. 7 (3) GDPR)<\/p><\/li><\/ul><p data-start=\"5253\" data-end=\"5433\">If you believe that the processing of your personal data violates data protection law, you can lodge a complaint with the competent supervisory authority.<\/p><p data-start=\"5435\" data-end=\"5525\">Austrian Data Protection Authority<br data-start=\"5469\" data-end=\"5472\" \/>Barichgasse 40-42<br data-start=\"5489\" data-end=\"5492\" \/>1030 Vienna<br data-start=\"5501\" data-end=\"5504\" \/><a class=\"decorated-link\" href=\"https:\/\/www.dsb.gv.at\" target=\"_new\" rel=\"noopener\" data-start=\"5504\" data-end=\"5525\">https:\/\/www.dsb.gv.at<\/a><\/p><p data-start=\"5435\" data-end=\"5525\">\u00a0<\/p><h2 data-section-id=\"tlzl0s\" data-start=\"5532\" data-end=\"5576\">11. timeliness of this privacy policy<\/h2><p data-start=\"5578\" data-end=\"5690\">This privacy policy may be amended in the event of changes to the website or due to legal requirements.<\/p><p data-start=\"5692\" data-end=\"5714\">Stand: <strong data-start=\"5699\" data-end=\"5714\">January 2026<\/strong><\/p>\t\t\t\t\t\t\t\t<\/div>\n\t\t\t\t<\/div>\n\t\t\t\t\t<\/div>\n\t\t<\/div>\n\t\t\t\t\t<\/div>\n\t\t<\/section>\n\t\t\t\t<\/div>","protected":false},"excerpt":{"rendered":"<p>Datenschutzerkl\u00e4rung 1. Allgemeine Hinweise Der Schutz Ihrer pers\u00f6nlichen Daten ist uns ein besonderes Anliegen. Wir verarbeiten Ihre personenbezogenen Daten ausschlie\u00dflich auf Grundlage der gesetzlichen Bestimmungen (Datenschutz-Grundverordnung \u2013 DSGVO, Telekommunikationsgesetz \u2013 TKG 2003). In dieser Datenschutzerkl\u00e4rung informieren wir Sie \u00fcber die wichtigsten Aspekte der Datenverarbeitung im Rahmen dieser Website. 2. Verantwortlicher Markus Bergmann \u2013 Shiatsu &amp; [&hellip;]<\/p>\n","protected":false},"author":1,"featured_media":0,"parent":0,"menu_order":0,"comment_status":"closed","ping_status":"closed","template":"","meta":{"site-sidebar-layout":"no-sidebar","site-content-layout":"page-builder","ast-site-content-layout":"default","site-content-style":"default","site-sidebar-style":"default","ast-global-header-display":"","ast-banner-title-visibility":"","ast-main-header-display":"","ast-hfb-above-header-display":"","ast-hfb-below-header-display":"","ast-hfb-mobile-header-display":"","site-post-title":"disabled","ast-breadcrumbs-content":"","ast-featured-img":"disabled","footer-sml-layout":"","ast-disable-related-posts":"","theme-transparent-header-meta":"","adv-header-id-meta":"","stick-header-meta":"","header-above-stick-meta":"","header-main-stick-meta":"","header-below-stick-meta":"","astra-migrate-meta-layouts":"default","ast-page-background-enabled":"default","ast-page-background-meta":{"desktop":{"background-color":"var(--ast-global-color-4)","background-image":"","background-repeat":"repeat","background-position":"center center","background-size":"auto","background-attachment":"scroll","background-type":"","background-media":"","overlay-type":"","overlay-color":"","overlay-opacity":"","overlay-gradient":""},"tablet":{"background-color":"","background-image":"","background-repeat":"repeat","background-position":"center center","background-size":"auto","background-attachment":"scroll","background-type":"","background-media":"","overlay-type":"","overlay-color":"","overlay-opacity":"","overlay-gradient":""},"mobile":{"background-color":"","background-image":"","background-repeat":"repeat","background-position":"center center","background-size":"auto","background-attachment":"scroll","background-type":"","background-media":"","overlay-type":"","overlay-color":"","overlay-opacity":"","overlay-gradient":""}},"ast-content-background-meta":{"desktop":{"background-color":"var(--ast-global-color-5)","background-image":"","background-repeat":"repeat","background-position":"center center","background-size":"auto","background-attachment":"scroll","background-type":"","background-media":"","overlay-type":"","overlay-color":"","overlay-opacity":"","overlay-gradient":""},"tablet":{"background-color":"var(--ast-global-color-5)","background-image":"","background-repeat":"repeat","background-position":"center center","background-size":"auto","background-attachment":"scroll","background-type":"","background-media":"","overlay-type":"","overlay-color":"","overlay-opacity":"","overlay-gradient":""},"mobile":{"background-color":"var(--ast-global-color-5)","background-image":"","background-repeat":"repeat","background-position":"center center","background-size":"auto","background-attachment":"scroll","background-type":"","background-media":"","overlay-type":"","overlay-color":"","overlay-opacity":"","overlay-gradient":""}},"iawp_total_views":6,"footnotes":""},"class_list":["post-2281","page","type-page","status-publish","hentry"],"yoast_head":"<!-- This site is optimized with the Yoast SEO Premium plugin v27.0 (Yoast SEO v27.0) - https:\/\/yoast.com\/product\/yoast-seo-premium-wordpress\/ -->\n<title>Datenschutzrichtlinien - Markus-Shiatsu<\/title>\n<meta name=\"robots\" content=\"index, follow, max-snippet:-1, max-image-preview:large, max-video-preview:-1\" \/>\n<link rel=\"canonical\" href=\"https:\/\/www.markus-shiatsu.at\/en\/datenschutzrichtlinien\/\" \/>\n<meta property=\"og:locale\" content=\"en_GB\" \/>\n<meta property=\"og:type\" content=\"article\" \/>\n<meta property=\"og:title\" content=\"Datenschutzrichtlinien\" \/>\n<meta property=\"og:description\" content=\"Datenschutzerkl\u00e4rung 1. Allgemeine Hinweise Der Schutz Ihrer pers\u00f6nlichen Daten ist uns ein besonderes Anliegen. Wir verarbeiten Ihre personenbezogenen Daten ausschlie\u00dflich auf Grundlage der gesetzlichen Bestimmungen (Datenschutz-Grundverordnung \u2013 DSGVO, Telekommunikationsgesetz \u2013 TKG 2003). In dieser Datenschutzerkl\u00e4rung informieren wir Sie \u00fcber die wichtigsten Aspekte der Datenverarbeitung im Rahmen dieser Website. 2. Verantwortlicher Markus Bergmann \u2013 Shiatsu &amp; [&hellip;]\" \/>\n<meta property=\"og:url\" content=\"https:\/\/www.markus-shiatsu.at\/en\/datenschutzrichtlinien\/\" \/>\n<meta property=\"og:site_name\" content=\"Markus-Shiatsu\" \/>\n<meta property=\"article:publisher\" content=\"https:\/\/www.facebook.com\/Markus-Shiatsu-106137937934218\" \/>\n<meta property=\"article:modified_time\" content=\"2026-03-07T09:16:28+00:00\" \/>\n<meta property=\"og:image\" content=\"https:\/\/www.markus-shiatsu.at\/wp-content\/uploads\/2022\/08\/Dehnung-scaled.jpg\" \/>\n\t<meta property=\"og:image:width\" content=\"2560\" \/>\n\t<meta property=\"og:image:height\" content=\"1707\" \/>\n\t<meta property=\"og:image:type\" content=\"image\/jpeg\" \/>\n<script type=\"application\/ld+json\" class=\"yoast-schema-graph\">{\"@context\":\"https:\/\/schema.org\",\"@graph\":[{\"@type\":\"WebPage\",\"@id\":\"https:\/\/www.markus-shiatsu.at\/datenschutzrichtlinien\/\",\"url\":\"https:\/\/www.markus-shiatsu.at\/datenschutzrichtlinien\/\",\"name\":\"Datenschutzrichtlinien - Markus-Shiatsu\",\"isPartOf\":{\"@id\":\"https:\/\/www.markus-shiatsu.at\/#website\"},\"datePublished\":\"2022-06-13T17:24:49+00:00\",\"dateModified\":\"2026-03-07T09:16:28+00:00\",\"breadcrumb\":{\"@id\":\"https:\/\/www.markus-shiatsu.at\/datenschutzrichtlinien\/#breadcrumb\"},\"inLanguage\":\"en-GB\",\"potentialAction\":[{\"@type\":\"ReadAction\",\"target\":[\"https:\/\/www.markus-shiatsu.at\/datenschutzrichtlinien\/\"]}]},{\"@type\":\"BreadcrumbList\",\"@id\":\"https:\/\/www.markus-shiatsu.at\/datenschutzrichtlinien\/#breadcrumb\",\"itemListElement\":[{\"@type\":\"ListItem\",\"position\":1,\"name\":\"Startseite\",\"item\":\"https:\/\/www.markus-shiatsu.at\/\"},{\"@type\":\"ListItem\",\"position\":2,\"name\":\"Datenschutzrichtlinien\"}]},{\"@type\":\"WebSite\",\"@id\":\"https:\/\/www.markus-shiatsu.at\/#website\",\"url\":\"https:\/\/www.markus-shiatsu.at\/\",\"name\":\"Markus-Shiatsu\",\"description\":\"Markus Bergmann ist Shiatsu Praktiker in Hart bei F\u00fcrnitz. Ber\u00fchrung schafft Ausgleich.\",\"publisher\":{\"@id\":\"https:\/\/www.markus-shiatsu.at\/#\/schema\/person\/0cdea85d528ddc3c0e36e90dacd4e8c8\"},\"potentialAction\":[{\"@type\":\"SearchAction\",\"target\":{\"@type\":\"EntryPoint\",\"urlTemplate\":\"https:\/\/www.markus-shiatsu.at\/?s={search_term_string}\"},\"query-input\":{\"@type\":\"PropertyValueSpecification\",\"valueRequired\":true,\"valueName\":\"search_term_string\"}}],\"inLanguage\":\"en-GB\"},{\"@type\":[\"Person\",\"Organization\"],\"@id\":\"https:\/\/www.markus-shiatsu.at\/#\/schema\/person\/0cdea85d528ddc3c0e36e90dacd4e8c8\",\"name\":\"Markus Bergmann\",\"image\":{\"@type\":\"ImageObject\",\"inLanguage\":\"en-GB\",\"@id\":\"https:\/\/www.markus-shiatsu.at\/#\/schema\/person\/image\/\",\"url\":\"https:\/\/www.markus-shiatsu.at\/wp-content\/uploads\/2022\/08\/Bergmann-Markus.jpg\",\"contentUrl\":\"https:\/\/www.markus-shiatsu.at\/wp-content\/uploads\/2022\/08\/Bergmann-Markus.jpg\",\"width\":1024,\"height\":683,\"caption\":\"Markus Bergmann\"},\"logo\":{\"@id\":\"https:\/\/www.markus-shiatsu.at\/#\/schema\/person\/image\/\"},\"description\":\"Markus Bergmann ist diplomierter Shiatsu Praktiker und erfahrener K\u00f6rpertherapeut. Shiatsu wirkt ausgleichend auf den gesamten Organismus und macht gesund :)\",\"sameAs\":[\"https:\/\/www.markus-shiatsu.at\",\"https:\/\/www.facebook.com\/Markus-Shiatsu-106137937934218\",\"https:\/\/www.instagram.com\/markus_shiatsu\/\"]}]}<\/script>\n<!-- \/ Yoast SEO Premium plugin. -->","yoast_head_json":{"title":"Datenschutzrichtlinien - Markus-Shiatsu","robots":{"index":"index","follow":"follow","max-snippet":"max-snippet:-1","max-image-preview":"max-image-preview:large","max-video-preview":"max-video-preview:-1"},"canonical":"https:\/\/www.markus-shiatsu.at\/en\/datenschutzrichtlinien\/","og_locale":"en_GB","og_type":"article","og_title":"Datenschutzrichtlinien","og_description":"Datenschutzerkl\u00e4rung 1. Allgemeine Hinweise Der Schutz Ihrer pers\u00f6nlichen Daten ist uns ein besonderes Anliegen. Wir verarbeiten Ihre personenbezogenen Daten ausschlie\u00dflich auf Grundlage der gesetzlichen Bestimmungen (Datenschutz-Grundverordnung \u2013 DSGVO, Telekommunikationsgesetz \u2013 TKG 2003). In dieser Datenschutzerkl\u00e4rung informieren wir Sie \u00fcber die wichtigsten Aspekte der Datenverarbeitung im Rahmen dieser Website. 2. Verantwortlicher Markus Bergmann \u2013 Shiatsu &amp; [&hellip;]","og_url":"https:\/\/www.markus-shiatsu.at\/en\/datenschutzrichtlinien\/","og_site_name":"Markus-Shiatsu","article_publisher":"https:\/\/www.facebook.com\/Markus-Shiatsu-106137937934218","article_modified_time":"2026-03-07T09:16:28+00:00","og_image":[{"width":2560,"height":1707,"url":"https:\/\/www.markus-shiatsu.at\/wp-content\/uploads\/2022\/08\/Dehnung-scaled.jpg","type":"image\/jpeg"}],"schema":{"@context":"https:\/\/schema.org","@graph":[{"@type":"WebPage","@id":"https:\/\/www.markus-shiatsu.at\/datenschutzrichtlinien\/","url":"https:\/\/www.markus-shiatsu.at\/datenschutzrichtlinien\/","name":"Datenschutzrichtlinien - Markus-Shiatsu","isPartOf":{"@id":"https:\/\/www.markus-shiatsu.at\/#website"},"datePublished":"2022-06-13T17:24:49+00:00","dateModified":"2026-03-07T09:16:28+00:00","breadcrumb":{"@id":"https:\/\/www.markus-shiatsu.at\/datenschutzrichtlinien\/#breadcrumb"},"inLanguage":"en-GB","potentialAction":[{"@type":"ReadAction","target":["https:\/\/www.markus-shiatsu.at\/datenschutzrichtlinien\/"]}]},{"@type":"BreadcrumbList","@id":"https:\/\/www.markus-shiatsu.at\/datenschutzrichtlinien\/#breadcrumb","itemListElement":[{"@type":"ListItem","position":1,"name":"Startseite","item":"https:\/\/www.markus-shiatsu.at\/"},{"@type":"ListItem","position":2,"name":"Datenschutzrichtlinien"}]},{"@type":"WebSite","@id":"https:\/\/www.markus-shiatsu.at\/#website","url":"https:\/\/www.markus-shiatsu.at\/","name":"Markus-Shiatsu","description":"Markus Bergmann is a Shiatsu practitioner in Hart near F\u00fcrnitz. Touch creates balance.","publisher":{"@id":"https:\/\/www.markus-shiatsu.at\/#\/schema\/person\/0cdea85d528ddc3c0e36e90dacd4e8c8"},"potentialAction":[{"@type":"SearchAction","target":{"@type":"EntryPoint","urlTemplate":"https:\/\/www.markus-shiatsu.at\/?s={search_term_string}"},"query-input":{"@type":"PropertyValueSpecification","valueRequired":true,"valueName":"search_term_string"}}],"inLanguage":"en-GB"},{"@type":["Person","Organization"],"@id":"https:\/\/www.markus-shiatsu.at\/#\/schema\/person\/0cdea85d528ddc3c0e36e90dacd4e8c8","name":"Markus Bergmann","image":{"@type":"ImageObject","inLanguage":"en-GB","@id":"https:\/\/www.markus-shiatsu.at\/#\/schema\/person\/image\/","url":"https:\/\/www.markus-shiatsu.at\/wp-content\/uploads\/2022\/08\/Bergmann-Markus.jpg","contentUrl":"https:\/\/www.markus-shiatsu.at\/wp-content\/uploads\/2022\/08\/Bergmann-Markus.jpg","width":1024,"height":683,"caption":"Markus Bergmann"},"logo":{"@id":"https:\/\/www.markus-shiatsu.at\/#\/schema\/person\/image\/"},"description":"Markus Bergmann is a qualified Shiatsu practitioner and experienced body therapist. Shiatsu has a balancing effect on the entire organism and makes you healthy :)","sameAs":["https:\/\/www.markus-shiatsu.at","https:\/\/www.facebook.com\/Markus-Shiatsu-106137937934218","https:\/\/www.instagram.com\/markus_shiatsu\/"]}]}},"_links":{"self":[{"href":"https:\/\/www.markus-shiatsu.at\/en\/wp-json\/wp\/v2\/pages\/2281","targetHints":{"allow":["GET"]}}],"collection":[{"href":"https:\/\/www.markus-shiatsu.at\/en\/wp-json\/wp\/v2\/pages"}],"about":[{"href":"https:\/\/www.markus-shiatsu.at\/en\/wp-json\/wp\/v2\/types\/page"}],"author":[{"embeddable":true,"href":"https:\/\/www.markus-shiatsu.at\/en\/wp-json\/wp\/v2\/users\/1"}],"replies":[{"embeddable":true,"href":"https:\/\/www.markus-shiatsu.at\/en\/wp-json\/wp\/v2\/comments?post=2281"}],"version-history":[{"count":55,"href":"https:\/\/www.markus-shiatsu.at\/en\/wp-json\/wp\/v2\/pages\/2281\/revisions"}],"predecessor-version":[{"id":4393,"href":"https:\/\/www.markus-shiatsu.at\/en\/wp-json\/wp\/v2\/pages\/2281\/revisions\/4393"}],"wp:attachment":[{"href":"https:\/\/www.markus-shiatsu.at\/en\/wp-json\/wp\/v2\/media?parent=2281"}],"curies":[{"name":"wp","href":"https:\/\/api.w.org\/{rel}","templated":true}]}}